{"id":6288,"date":"2018-03-28T15:31:21","date_gmt":"2018-03-28T15:31:21","guid":{"rendered":"http:\/\/streetshow-brothers.de\/?page_id=6288"},"modified":"2025-11-09T10:54:24","modified_gmt":"2025-11-09T10:54:24","slug":"impressum","status":"publish","type":"page","link":"https:\/\/streetshow-brothers.de\/?page_id=6288","title":{"rendered":"Impressum"},"content":{"rendered":"\t\t<div data-elementor-type=\"wp-page\" data-elementor-id=\"6288\" class=\"elementor elementor-6288\">\n\t\t\t\t<div data-scroll-custom-offset=\"\" data-scroll-custom-duration=\"\" data-scroll-css-progress=\"\" data-scroll-class=\"locoscroll-animate\" data-scroll-entrance-animation=\"\" data-scroll-offset=\"10%,10%\" data-scroll-onscroll-animation=\"\" class=\"wolf-core-elementor-row wolf-core-font- elementor-element elementor-element-1ce5fd5 e-flex e-con-boxed e-con e-parent\" data-font-skin=\"\" data-color-tone=\"\" data-id=\"1ce5fd5\" data-element_type=\"container\" data-e-type=\"container\">\n\t\t\t\t\t<div class=\"e-con-inner\">\n\t\t\t\t<div class=\"elementor-element elementor-element-39d81f5 elementor-widget elementor-widget-spacer\" data-id=\"39d81f5\" data-element_type=\"widget\" data-e-type=\"widget\" data-widget_type=\"spacer.default\">\n\t\t\t\t\t\t\t<div class=\"elementor-spacer\">\n\t\t\t<div class=\"elementor-spacer-inner\"><\/div>\n\t\t<\/div>\n\t\t\t\t\t\t<\/div>\n\t\t\t\t\t<\/div>\n\t\t\t\t<\/div>\n\t\t<div data-scroll-custom-offset=\"\" data-scroll-custom-duration=\"\" data-scroll-css-progress=\"\" data-scroll-class=\"locoscroll-animate\" data-scroll-entrance-animation=\"\" data-scroll-offset=\"10%,10%\" data-scroll-onscroll-animation=\"\" class=\"wolf-core-elementor-row wolf-core-font- elementor-element elementor-element-4159b423 e-flex e-con-boxed e-con e-parent\" data-font-skin=\"\" data-color-tone=\"\" data-id=\"4159b423\" data-element_type=\"container\" data-e-type=\"container\">\n\t\t\t\t\t<div class=\"e-con-inner\">\n\t\t\t\t<div class=\" elementor-element elementor-element-792911c7 elementor-widget elementor-widget-text-editor\" data-id=\"792911c7\" data-element_type=\"widget\" data-e-type=\"widget\" data-widget_type=\"text-editor.default\">\n\t\t\t\t\t\t\t\t\t<p style=\"text-align: center;\">Verantwortlichlich f\u00fcr den Inhalt<br \/>Streetshow-Brothers Germany<\/p><p style=\"text-align: center;\">Kurze Halbe 20<\/p><p style=\"text-align: center;\">31079 Sibbesse<\/p><p style=\"text-align: center;\"><strong>Haftungshinweis<\/strong><br \/>Trotz sorgf\u00e4ltiger inhaltlicher Kontrolle<br \/>\u00fcbernehmen wir keine Haftung f\u00fcr die Inhalte externer Links.<br \/>F\u00fcr den Inhalt der verlinkten Seiten sind ausschlie\u00dflich<br \/>deren Betreiber verantwortlich.<\/p><p style=\"text-align: center;\">Soweit auf unseren Seiten personenbezogene Daten (beispielsweise Name, Anschrift oder eMail-Adressen) erhoben werden, erfolgt dies soweit m\u00f6glich stets auf freiwilliger Basis. Die Nutzung der Angebote und Dienste ist, soweit m\u00f6glich, stets ohne Angabe personenbezogener Daten m\u00f6glich.<\/p><p style=\"text-align: center;\">Der Nutzung von im Rahmen der Impressumspflicht ver\u00f6ffentlichten Kontaktdaten durch Dritte zur \u00dcbersendung von nicht ausdr\u00fccklich angeforderter Werbung und Informationsmaterialien wird hiermit ausdr\u00fccklich widersprochen. Die Betreiber der Seiten behalten sich ausdr\u00fccklich rechtliche Schritte im Falle der unverlangten Zusendung von Werbeinformationen, etwa durch Spam-Mails, vor.<\/p>\t\t\t\t\t\t\t\t<\/div>\n\t\t\t\t\t<\/div>\n\t\t\t\t<\/div>\n\t\t\t\t<\/div>\n\t\t","protected":false},"excerpt":{"rendered":"<p>Verantwortlichlich f\u00fcr den InhaltStreetshow-Brothers Germany Kurze Halbe 20 31079 Sibbesse HaftungshinweisTrotz sorgf\u00e4ltiger inhaltlicher Kontrolle\u00fcbernehmen wir keine Haftung f\u00fcr die Inhalte externer Links.F\u00fcr den Inhalt der verlinkten Seiten sind ausschlie\u00dflichderen Betreiber verantwortlich. Soweit auf unseren Seiten personenbezogene Daten (beispielsweise Name, Anschrift oder eMail-Adressen) erhoben werden, erfolgt dies soweit m\u00f6glich stets auf freiwilliger Basis. Die Nutzung der&#8230;<\/p>\n<p><a rel=\"bookmark\" class=\"theme-button-primary wolf-core-button wolf-core-button-size-md\" href=\"https:\/\/streetshow-brothers.de\/?page_id=6288\"><span>Lesen<\/span><\/a><\/p>\n","protected":false},"author":1,"featured_media":0,"parent":0,"menu_order":0,"comment_status":"closed","ping_status":"closed","template":"","meta":{"footnotes":""},"class_list":{"0":"post-6288","1":"page","2":"type-page","3":"status-publish","4":"hentry","5":"entry","6":"clearfix","7":"entry-grid","8":"entry-columns-default","9":"entry-page-module-layout-standard","10":"no-post-thumbnail","11":"entry-page","13":"entry-page-grid"},"_links":{"self":[{"href":"https:\/\/streetshow-brothers.de\/index.php?rest_route=\/wp\/v2\/pages\/6288","targetHints":{"allow":["GET"]}}],"collection":[{"href":"https:\/\/streetshow-brothers.de\/index.php?rest_route=\/wp\/v2\/pages"}],"about":[{"href":"https:\/\/streetshow-brothers.de\/index.php?rest_route=\/wp\/v2\/types\/page"}],"author":[{"embeddable":true,"href":"https:\/\/streetshow-brothers.de\/index.php?rest_route=\/wp\/v2\/users\/1"}],"replies":[{"embeddable":true,"href":"https:\/\/streetshow-brothers.de\/index.php?rest_route=%2Fwp%2Fv2%2Fcomments&post=6288"}],"version-history":[{"count":10,"href":"https:\/\/streetshow-brothers.de\/index.php?rest_route=\/wp\/v2\/pages\/6288\/revisions"}],"predecessor-version":[{"id":8432,"href":"https:\/\/streetshow-brothers.de\/index.php?rest_route=\/wp\/v2\/pages\/6288\/revisions\/8432"}],"wp:attachment":[{"href":"https:\/\/streetshow-brothers.de\/index.php?rest_route=%2Fwp%2Fv2%2Fmedia&parent=6288"}],"curies":[{"name":"wp","href":"https:\/\/api.w.org\/{rel}","templated":true}]}}