{"id":8268,"date":"2025-11-05T11:05:49","date_gmt":"2025-11-05T11:05:49","guid":{"rendered":"https:\/\/streetshow-brothers.de\/?page_id=8268"},"modified":"2025-11-05T13:16:01","modified_gmt":"2025-11-05T13:16:01","slug":"gaestebuch-2","status":"publish","type":"page","link":"https:\/\/streetshow-brothers.de\/?page_id=8268","title":{"rendered":"G\u00e4stebuch"},"content":{"rendered":"\t\t<div data-elementor-type=\"wp-page\" data-elementor-id=\"8268\" class=\"elementor elementor-8268\">\n\t\t\t\t<div class=\"filmgrain-effect wolf-core-elementor-row wolf-core-font- elementor-element elementor-element-9f55030 wolf-core-row-filmgrain-yes e-flex e-con-boxed e-con e-parent\" data-filmgrain-effect-opacity=\"100\" data-bg-url=\"https:\/\/streetshow-brothers.de\/wp-content\/uploads\/2024\/04\/203349531_en1yyoji_1.jpeg\" data-scroll-custom-offset=\"\" data-scroll-custom-duration=\"\" data-scroll-css-progress=\"\" data-scroll-class=\"locoscroll-animate\" data-scroll-entrance-animation=\"\" data-scroll-offset=\"10%,10%\" data-scroll-onscroll-animation=\"\" data-font-skin=\"\" data-color-tone=\"\" data-id=\"9f55030\" data-element_type=\"container\" data-e-type=\"container\" data-settings=\"{&quot;background_background&quot;:&quot;classic&quot;}\">\n\t\t\t\t\t<div class=\"e-con-inner\">\n\t\t\t\t<div class=\"elementor-element elementor-element-8e3e479 elementor-widget elementor-widget-heading\" data-id=\"8e3e479\" data-element_type=\"widget\" data-e-type=\"widget\" data-widget_type=\"heading.default\">\n\t\t\t\t\t<h2 class=\"elementor-heading-title elementor-size-default\">G\u00e4stebuch<\/h2>\t\t\t\t<\/div>\n\t\t\t\t\t<\/div>\n\t\t\t\t<\/div>\n\t\t<div data-scroll-custom-offset=\"\" data-scroll-custom-duration=\"\" data-scroll-css-progress=\"\" data-scroll-class=\"locoscroll-animate\" data-scroll-entrance-animation=\"\" data-scroll-offset=\"10%,10%\" data-scroll-onscroll-animation=\"\" class=\"wolf-core-elementor-row wolf-core-font- elementor-element elementor-element-9f1cfd7 e-flex e-con-boxed e-con e-parent\" data-font-skin=\"\" data-color-tone=\"\" data-id=\"9f1cfd7\" data-element_type=\"container\" data-e-type=\"container\">\n\t\t\t\t\t<div class=\"e-con-inner\">\n\t\t\t\t<div class=\"elementor-element elementor-element-96d3ed0 elementor-widget elementor-widget-spacer\" data-id=\"96d3ed0\" data-element_type=\"widget\" data-e-type=\"widget\" data-widget_type=\"spacer.default\">\n\t\t\t\t\t\t\t<div class=\"elementor-spacer\">\n\t\t\t<div class=\"elementor-spacer-inner\"><\/div>\n\t\t<\/div>\n\t\t\t\t\t\t<\/div>\n\t\t\t\t\t<\/div>\n\t\t\t\t<\/div>\n\t\t<div data-scroll-custom-offset=\"\" data-scroll-custom-duration=\"\" data-scroll-css-progress=\"\" data-scroll-class=\"locoscroll-animate\" data-scroll-entrance-animation=\"\" data-scroll-offset=\"10%,10%\" data-scroll-onscroll-animation=\"\" class=\"wolf-core-elementor-row wolf-core-font- elementor-element elementor-element-ab286b4 e-flex e-con-boxed e-con e-parent\" data-font-skin=\"\" data-color-tone=\"\" data-id=\"ab286b4\" data-element_type=\"container\" data-e-type=\"container\">\n\t\t\t\t\t<div class=\"e-con-inner\">\n\t\t\t\t<div class=\"elementor-element elementor-element-2b1ab82 elementor-widget elementor-widget-heading\" data-id=\"2b1ab82\" data-element_type=\"widget\" data-e-type=\"widget\" data-widget_type=\"heading.default\">\n\t\t\t\t\t<h2 class=\"elementor-heading-title elementor-size-default\">Hau deinen Kommentar drunter!<\/h2>\t\t\t\t<\/div>\n\t\t\t\t\t<\/div>\n\t\t\t\t<\/div>\n\t\t<div data-scroll-custom-offset=\"\" data-scroll-custom-duration=\"\" data-scroll-css-progress=\"\" data-scroll-class=\"locoscroll-animate\" data-scroll-entrance-animation=\"\" data-scroll-offset=\"10%,10%\" data-scroll-onscroll-animation=\"\" class=\"wolf-core-elementor-row wolf-core-font- elementor-element elementor-element-96885b1 e-flex e-con-boxed e-con e-parent\" data-font-skin=\"\" data-color-tone=\"\" data-id=\"96885b1\" data-element_type=\"container\" data-e-type=\"container\">\n\t\t\t\t\t<div class=\"e-con-inner\">\n\t\t\t\t<div class=\"elementor-element elementor-element-d2a47e6 elementor-widget elementor-widget-shortcode\" data-id=\"d2a47e6\" data-element_type=\"widget\" data-e-type=\"widget\" data-widget_type=\"shortcode.default\">\n\t\t\t\t\t\t\t<div class=\"elementor-shortcode\"><div class=\"gwolle-gb\"><div class=\"gwolle-gb-messages-top-container\"><\/div>\n\t\t\t<div class=\"gwolle-gb-write-button\">\n\t\t\t\t<input type=\"button\" name=\"gwolle-gb-write-button\" class=\"button btn btn-default \" value=\"Neuen Eintrag schreiben\" aria-expanded=\"false\" \/>\n\t\t\t<\/div>\n\t\t\t<form action=\"#\" method=\"POST\" class=\"gwolle-gb-write gwolle-gb-hide gwolle-gb-float gwolle-gb-form-ajax gwolle-gb-ajax gwolle-gb-not-logged-in\">\n\t\t\t\t<h3>Einen neuen Eintrag f\u00fcr das G\u00e4stebuch schreiben<\/h3>\n\t\t\t\t<button type=\"button\" class=\"gb-notice-dismiss\">x<span class=\"screen-reader-text\">Dieses Formular ausblenden<\/span><\/button>\n\t\t\t\n\t\t\t\t<input type=\"hidden\" name=\"gwolle_gb_function\" class=\"gwolle_gb_function\" value=\"add_entry\" \/><input type=\"hidden\" name=\"gwolle_gb_book_id\" class=\"gwolle_gb_book_id\" value=\"1\" \/><div class=\"gwolle_gb_c806f8ee0d1faa07f7ad1cf83c195f07\">\n\t\t\t\t<div class=\"label\"><label for=\"gwolle_gb_c806f8ee0d1faa07f7ad1cf83c195f07-1\" class=\"text-info\">Name <span class=\"required\">*<\/span><\/label><\/div>\n\t\t\t\t<div class=\"input\"><input class=\"wp-exclude-emoji gwolle_gb_c806f8ee0d1faa07f7ad1cf83c195f07\" value=\"\" type=\"text\" id=\"gwolle_gb_c806f8ee0d1faa07f7ad1cf83c195f07-1\" name=\"gwolle_gb_c806f8ee0d1faa07f7ad1cf83c195f07\" required \/><\/div>\n\t\t\t\t<div class=\"clearBoth\">&nbsp;<\/div>\n\t\t\t<\/div><div class=\"gwolle_gb_41c2fc56ef53f91b725b10f328f10a3d\">\n\t\t\t\t<div class=\"label\"><label for=\"gwolle_gb_41c2fc56ef53f91b725b10f328f10a3d-1\" class=\"text-info\">E-Mail<\/label><\/div>\n\t\t\t\t<div class=\"input\"><input class=\"gwolle_gb_41c2fc56ef53f91b725b10f328f10a3d\" value=\"\" type=\"email\" id=\"gwolle_gb_41c2fc56ef53f91b725b10f328f10a3d-1\" name=\"gwolle_gb_41c2fc56ef53f91b725b10f328f10a3d\" \/><\/div>\n\t\t\t\t<div class=\"clearBoth\">&nbsp;<\/div>\n\t\t\t<\/div>\n\t\t\t<div class=\"gwolle_gb_e77b57d706881b7bf6c49f46123372e4\" style=\"display:none;overflow:hidden;\" hidden=\"true\" aria-hidden=\"true\">\n\t\t\t\t<div class=\"label\">\n\t\t\t\t\t<label for=\"gwolle_gb_e77b57d706881b7bf6c49f46123372e4-1\" class=\"text-primary\">Hier nichts eingeben<\/label>\n\t\t\t\t\t<label for=\"gwolle_gb_c5b7ed0b1d3123c858b645f5e96a3f50-1\" class=\"text-primary\">Hier nichts eingeben<\/label>\n\t\t\t\t<\/div>\n\t\t\t\t<div class=\"input\">\n\t\t\t\t\t<input value=\"46\" type=\"text\" id=\"gwolle_gb_e77b57d706881b7bf6c49f46123372e4-1\" name=\"gwolle_gb_e77b57d706881b7bf6c49f46123372e4\" class=\"gwolle_gb_e77b57d706881b7bf6c49f46123372e4\" style=\"transform: translateY(10000px);\" \/>\n\t\t\t\t\t<input value=\"\" type=\"text\" name=\"gwolle_gb_c5b7ed0b1d3123c858b645f5e96a3f50\" id=\"gwolle_gb_c5b7ed0b1d3123c858b645f5e96a3f50-1\" class=\"gwolle_gb_c5b7ed0b1d3123c858b645f5e96a3f50\" style=\"transform: translateY(10000px);\" \/>\n\t\t\t\t<\/div>\n\t\t\t\t<div class=\"clearBoth\"><\/div>\n\t\t\t<\/div>\n\t\t\t<div class=\"gwolle_gb_65489ab8c32c157bab144e10945c0f56\" style=\"display:none;overflow:hidden;\" hidden=\"true\" aria-hidden=\"true\">\n\t\t\t\t<div class=\"label\">\n\t\t\t\t\t<label for=\"gwolle_gb_65489ab8c32c157bab144e10945c0f56-1\" class=\"text-primary\">Hier nichts eingeben<\/label>\n\t\t\t\t\t<label for=\"gwolle_gb_aeba384932dc9f836f5b014b99b932c8-1\" class=\"text-primary\">Hier nichts eingeben<\/label>\n\t\t\t\t<\/div>\n\t\t\t\t<div class=\"input\">\n\t\t\t\t\t<input value=\"415\" type=\"text\" id=\"gwolle_gb_65489ab8c32c157bab144e10945c0f56-1\" name=\"gwolle_gb_65489ab8c32c157bab144e10945c0f56\" class=\"gwolle_gb_65489ab8c32c157bab144e10945c0f56\" style=\"transform: translateY(10000px);\" \/>\n\t\t\t\t\t<input value=\"415\" type=\"text\"id=\"gwolle_gb_aeba384932dc9f836f5b014b99b932c8-1\" name=\"gwolle_gb_aeba384932dc9f836f5b014b99b932c8\" class=\"gwolle_gb_aeba384932dc9f836f5b014b99b932c8\" style=\"transform: translateY(10000px);\" \/>\n\t\t\t\t<\/div>\n\t\t\t\t<div class=\"clearBoth\"><\/div>\n\t\t\t<\/div><div class=\"gwolle_gb_content\">\n\t\t\t\t<div class=\"label\"><label for=\"gwolle_gb_content-1\" class=\"text-info\">G\u00e4stebucheintrag <span class=\"required\">*<\/span><\/label><\/div>\n\t\t\t\t<div class=\"input\"><textarea id=\"gwolle_gb_content-1\" name=\"gwolle_gb_content\" class=\"gwolle_gb_content wp-exclude-emoji\" required ><\/textarea><\/div>\n\t\t\t\t\t<div class=\"clearBoth\">&nbsp;<\/div>\n\t\t\t\t<\/div><input type=\"hidden\" class=\"gwolle_gb_4eaa1666b7c0d6e92a647ee02a84ca3a\" id=\"gwolle_gb_4eaa1666b7c0d6e92a647ee02a84ca3a-1\" name=\"gwolle_gb_4eaa1666b7c0d6e92a647ee02a84ca3a\" value=\"fff90054a1\" \/>\n\t\t\t<div class=\"gwolle-gb-messages-bottom-container\"><\/div>\n\n\t\t\t<noscript><div class=\"no-js\">Warnung: Dieses Formular kann nur verwendet werden, wenn in deinem Browser JavaScript aktiviert ist.<\/div><\/noscript>\n\n\t\t\t<div class=\"gwolle_gb_submit gwolle-gb-submit\">\n\t\t\t\t<div class=\"label gwolle-gb-invisible text-muted\">&nbsp;<\/div>\n\t\t\t\t<div class=\"input\">\n\t\t\t\t\t<input type=\"submit\" name=\"gwolle_gb_submit\" class=\"gwolle_gb_submit button btn btn-primary \" value=\"Absenden\" \/>\n\t\t\t\t\t<span class=\"gwolle_gb_submit_ajax_icon gwolle-gb-submit-ajax-icon\"><\/span>\n\t\t\t\n\t\t\t\t<\/div>\n\t\t\t\t<div class=\"clearBoth\">&nbsp;<\/div>\n\t\t\t<\/div>\n\n\t\t\t<div class=\"gwolle_gb_notice gwolle-gb-notice\">\n\t\t\t\tMit * gekennzeichnete Felder sind erforderlich.<br \/>\r\nDeine E-Mail-Adresse wird nicht ver\u00f6ffentlicht.<br \/>\r\nEs ist m\u00f6glich, dass dein Eintrag im G\u00e4stebuch erst sichtbar ist, nachdem wir ihn \u00fcberpr\u00fcft haben.<br \/>\r\nWir behalten uns vor, Eintr\u00e4ge zu bearbeiten, zu l\u00f6schen oder nicht zu ver\u00f6ffentlichen.\n\t\t\t<\/div><\/form><div class=\"gwolle-gb-read gwolle-gb-ajax gwolle-gb-entries-list\" data-book_id=\"1\" data-page_id=\"1\">\n\t\t<div id=\"gwolle-gb-total\" class=\"gwolle-gb-total\">5 Eintr\u00e4ge<\/div><!-- Gwolle-GB Entry: Default Template Loaded -->\n\t\t\t\t<div class=\"gb-entry gb-entry_6 gb-entry-count_1 gwolle-gb-uneven gwolle-gb-first\" id=\"gb-entry_6\" data-entry_id=\"6\">\n\t\t\t\t<article>\n\t\t\t\t\t<div class=\"gb-author-info\">\n\t\t\t\t\t\t<span class=\"gb-author-name\">Heike und Christian\n\t\t\t\t\t\t<\/span>\n\t\t\t\t\t\t<span class=\"gb-datetime\">\n\t\t\t\t\t\t\t<span class=\"gb-date\"><span class=\"gb-date-wrote-text\"> schrieb am<\/span><span class=\"gb-date-text\"> September 28, 2018<\/span>\n\t\t\t\t\t\t\t<\/span><span class=\"gb-time\">\n\t\t\t\t\t\t\t\t\t<span class=\"gb-time-at-text\"> um<\/span>\n\t\t\t\t\t\t\t\t\t<span class=\"gb-time-text\"> 11:26 a.m.<\/span>\n\t\t\t\t\t\t\t\t<\/span>\n\t\t\t\t\t\t<\/span> \n\t\t\t\t\t<\/div>\n\t\t\t\t\t<div class=\"gb-entry-content\">Coole Seite witzig gemacht und auf den Punkt gebracht. Hoffe wir schaffen es zu eurer n\u00e4chsten Party \ud83c\udf89 mal zu euch zu kommen. Sonst m\u00fcssen wir euch mal einladen. Haltet euch wacker! Liebe gr\u00fc\u00dfe aus lamspringe,  Heike und Christian\n\t\t\t\t\t<\/div>\n\t\t\t\t\t<div class=\"gb-entry-admin_reply\">\n\t\t\t\t\t\t<div class=\"gb-admin-reply-uid\">\n\t\t\t\t\t\t\t<em>Administrator-Antwort von: Streetshow-Brothers<\/em>\n\t\t\t\t\t\t<\/div> \n\t\t\t\t\t\t<div class=\"gb-admin-reply-content\">\n\t\t\t\t\t\tSagt uns wann und wir kommen! \ud83d\ude1b\n\t\t\t\t\t\t<\/div>\n\t\t\t\t\t<\/div>\n\t\t\t\t<\/article>\n\t\t\t<\/div>\n\t\t\t<div class=\"gb-entry gb-entry_5 gb-entry-count_2 gwolle-gb-even\" id=\"gb-entry_5\" data-entry_id=\"5\">\n\t\t\t\t<article>\n\t\t\t\t\t<div class=\"gb-author-info\">\n\t\t\t\t\t\t<span class=\"gb-author-name\">Pedda\n\t\t\t\t\t\t<\/span>\n\t\t\t\t\t\t<span class=\"gb-datetime\">\n\t\t\t\t\t\t\t<span class=\"gb-date\"><span class=\"gb-date-wrote-text\"> schrieb am<\/span><span class=\"gb-date-text\"> Mai 10, 2018<\/span>\n\t\t\t\t\t\t\t<\/span><span class=\"gb-time\">\n\t\t\t\t\t\t\t\t\t<span class=\"gb-time-at-text\"> um<\/span>\n\t\t\t\t\t\t\t\t\t<span class=\"gb-time-text\"> 2:18 p.m.<\/span>\n\t\t\t\t\t\t\t\t<\/span>\n\t\t\t\t\t\t<\/span> \n\t\t\t\t\t<\/div>\n\t\t\t\t\t<div class=\"gb-entry-content\">Moin M\u00e4nners,\r\neuer Internetauftritt ist euch echt gelungen, schicke Seite habt ihr da kreiert......weiter so!  Hoffe wir sehen uns bald mal wieder.\r\nBis denne, gruss Pedda\r\nMIG-Marienburg\/Nst.\n\t\t\t\t\t<\/div>\n\t\t\t\t\t<div class=\"gb-entry-admin_reply\">\n\t\t\t\t\t\t<div class=\"gb-admin-reply-uid\">\n\t\t\t\t\t\t\t<em>Administrator-Antwort von: Streetshow-Brothers<\/em>\n\t\t\t\t\t\t<\/div> \n\t\t\t\t\t\t<div class=\"gb-admin-reply-content\">\n\t\t\t\t\t\tDanke, Pedda! Bist herzlich zu unserem Treffen am 13.07-15.07. eingeladen!\n\t\t\t\t\t\t<\/div>\n\t\t\t\t\t<\/div>\n\t\t\t\t<\/article>\n\t\t\t<\/div>\n\t\t\t<div class=\"gb-entry gb-entry_4 gb-entry-count_3 gwolle-gb-uneven\" id=\"gb-entry_4\" data-entry_id=\"4\">\n\t\t\t\t<article>\n\t\t\t\t\t<div class=\"gb-author-info\">\n\t\t\t\t\t\t<span class=\"gb-author-name\">Marco (Flipper)\n\t\t\t\t\t\t<\/span>\n\t\t\t\t\t\t<span class=\"gb-datetime\">\n\t\t\t\t\t\t\t<span class=\"gb-date\"><span class=\"gb-date-wrote-text\"> schrieb am<\/span><span class=\"gb-date-text\"> April 20, 2018<\/span>\n\t\t\t\t\t\t\t<\/span><span class=\"gb-time\">\n\t\t\t\t\t\t\t\t\t<span class=\"gb-time-at-text\"> um<\/span>\n\t\t\t\t\t\t\t\t\t<span class=\"gb-time-text\"> 11:04 a.m.<\/span>\n\t\t\t\t\t\t\t\t<\/span>\n\t\t\t\t\t\t<\/span> \n\t\t\t\t\t<\/div>\n\t\t\t\t\t<div class=\"gb-entry-content\">Hallo Freunde, sch\u00f6ne Seite und ich bin froh euch zu kennen und mit euch feiern und Spa\u00df haben zu d\u00fcrfen \ud83d\ude1c\n\t\t\t\t\t<\/div>\n\t\t\t\t\t<div class=\"gb-entry-admin_reply\">\n\t\t\t\t\t\t<div class=\"gb-admin-reply-uid\">\n\t\t\t\t\t\t\t<em>Administrator-Antwort von: Streetshow-Brothers<\/em>\n\t\t\t\t\t\t<\/div> \n\t\t\t\t\t\t<div class=\"gb-admin-reply-content\">\n\t\t\t\t\t\tK\u00f6nnen wir nur zur\u00fcckgeben!\n\t\t\t\t\t\t<\/div>\n\t\t\t\t\t<\/div>\n\t\t\t\t<\/article>\n\t\t\t<\/div>\n\t\t\t<div class=\"gb-entry gb-entry_3 gb-entry-count_4 gwolle-gb-even\" id=\"gb-entry_3\" data-entry_id=\"3\">\n\t\t\t\t<article>\n\t\t\t\t\t<div class=\"gb-author-info\">\n\t\t\t\t\t\t<span class=\"gb-author-name\">Kleemi\n\t\t\t\t\t\t<\/span>\n\t\t\t\t\t\t<span class=\"gb-datetime\">\n\t\t\t\t\t\t\t<span class=\"gb-date\"><span class=\"gb-date-wrote-text\"> schrieb am<\/span><span class=\"gb-date-text\"> April 14, 2018<\/span>\n\t\t\t\t\t\t\t<\/span><span class=\"gb-time\">\n\t\t\t\t\t\t\t\t\t<span class=\"gb-time-at-text\"> um<\/span>\n\t\t\t\t\t\t\t\t\t<span class=\"gb-time-text\"> 9:36 a.m.<\/span>\n\t\t\t\t\t\t\t\t<\/span>\n\t\t\t\t\t\t<\/span> \n\t\t\t\t\t<\/div>\n\t\t\t\t\t<div class=\"gb-entry-content\">Hey Jungs , ich gratuliere zu der sehr lange \u00fcberf\u00e4lligen Webseite. Ist echt sch\u00f6n geworden, kommt f\u00fcr mich aber leider zu sp\u00e4t \ud83d\ude09\n\t\t\t\t\t<\/div>\n\t\t\t\t\t<div class=\"gb-entry-admin_reply\">\n\t\t\t\t\t\t<div class=\"gb-admin-reply-uid\">\n\t\t\t\t\t\t\t<em>Administrator-Antwort von: Streetshow-Brothers<\/em>\n\t\t\t\t\t\t<\/div> \n\t\t\t\t\t\t<div class=\"gb-admin-reply-content\">\n\t\t\t\t\t\tF\u00fcr Dich, Kleemi, machen wir auch gerne eine Rubrik f\u00fcr ehemalige Member auf! \ud83d\ude42\n\t\t\t\t\t\t<\/div>\n\t\t\t\t\t<\/div>\n\t\t\t\t<\/article>\n\t\t\t<\/div>\n\t\t\t<div class=\"gb-entry gb-entry_2 gb-entry-count_5 gwolle-gb-uneven\" id=\"gb-entry_2\" data-entry_id=\"2\">\n\t\t\t\t<article>\n\t\t\t\t\t<div class=\"gb-author-info\">\n\t\t\t\t\t\t<span class=\"gb-author-name\">Olli\n\t\t\t\t\t\t<\/span>\n\t\t\t\t\t\t<span class=\"gb-datetime\">\n\t\t\t\t\t\t\t<span class=\"gb-date\"><span class=\"gb-date-wrote-text\"> schrieb am<\/span><span class=\"gb-date-text\"> April 9, 2018<\/span>\n\t\t\t\t\t\t\t<\/span><span class=\"gb-time\">\n\t\t\t\t\t\t\t\t\t<span class=\"gb-time-at-text\"> um<\/span>\n\t\t\t\t\t\t\t\t\t<span class=\"gb-time-text\"> 8:54 p.m.<\/span>\n\t\t\t\t\t\t\t\t<\/span>\n\t\t\t\t\t\t<\/span> \n\t\t\t\t\t<\/div>\n\t\t\t\t\t<div class=\"gb-entry-content\">Feines Ding M\u00e4nner \ud83d\udc4c\ud83e\udd18\r\nIst euch gut gelungen. Sehen uns... \r\nRock\u2019n\u2019Roll \ud83e\udd18\r\nFzG Olli\n\t\t\t\t\t<\/div>\n\t\t\t\t\t<div class=\"gb-entry-admin_reply\">\n\t\t\t\t\t\t<div class=\"gb-admin-reply-uid\">\n\t\t\t\t\t\t\t<em>Administrator-Antwort von: Streetshow-Brothers<\/em>\n\t\t\t\t\t\t<\/div> \n\t\t\t\t\t\t<div class=\"gb-admin-reply-content\">\n\t\t\t\t\t\tJawohl! Sehen uns!\n\t\t\t\t\t\t<\/div>\n\t\t\t\t\t<\/div>\n\t\t\t\t<\/article>\n\t\t\t<\/div>\n\t\t\t<\/div><\/div><\/div>\n\t\t\t\t\t\t<\/div>\n\t\t\t\t\t<\/div>\n\t\t\t\t<\/div>\n\t\t<div data-scroll-custom-offset=\"\" data-scroll-custom-duration=\"\" data-scroll-css-progress=\"\" data-scroll-class=\"locoscroll-animate\" data-scroll-entrance-animation=\"\" data-scroll-offset=\"10%,10%\" data-scroll-onscroll-animation=\"\" class=\"wolf-core-elementor-row wolf-core-font- elementor-element elementor-element-26bb6c6 e-flex e-con-boxed e-con e-parent\" data-font-skin=\"\" data-color-tone=\"\" data-id=\"26bb6c6\" data-element_type=\"container\" data-e-type=\"container\">\n\t\t\t\t\t<div class=\"e-con-inner\">\n\t\t\t\t<div class=\"elementor-element elementor-element-9f78ce6 elementor-widget elementor-widget-spacer\" data-id=\"9f78ce6\" data-element_type=\"widget\" data-e-type=\"widget\" data-widget_type=\"spacer.default\">\n\t\t\t\t\t\t\t<div class=\"elementor-spacer\">\n\t\t\t<div class=\"elementor-spacer-inner\"><\/div>\n\t\t<\/div>\n\t\t\t\t\t\t<\/div>\n\t\t\t\t\t<\/div>\n\t\t\t\t<\/div>\n\t\t<div data-bg-url=\"\" data-scroll-custom-offset=\"\" data-scroll-custom-duration=\"\" data-scroll-css-progress=\"\" data-scroll-class=\"locoscroll-animate\" data-scroll-entrance-animation=\"\" data-scroll-offset=\"10%,10%\" data-scroll-onscroll-animation=\"\" class=\"wolf-core-elementor-row wolf-core-font- elementor-element elementor-element-e6e3543 e-con-full e-flex e-con e-parent\" data-font-skin=\"\" data-color-tone=\"\" data-id=\"e6e3543\" data-element_type=\"container\" data-e-type=\"container\" data-settings=\"{&quot;background_background&quot;:&quot;classic&quot;}\">\n\t\t\t\t<div class=\" elementor-element elementor-element-453d0d8 elementor-widget elementor-widget-text-editor\" data-id=\"453d0d8\" data-element_type=\"widget\" data-e-type=\"widget\" data-widget_type=\"text-editor.default\">\n\t\t\t\t\t\t\t\t\t<p style=\"text-align: center;\"><a href=\"https:\/\/streetshow-brothers.de\/?page_id=6288\" target=\"_blank\" rel=\"noopener\">Impressum <\/a>Datenschutz<\/p><p style=\"text-align: center;\">\u00a9 Streetshow-Brothers Germany. 2025<\/p>\t\t\t\t\t\t\t\t<\/div>\n\t\t\t\t<\/div>\n\t\t\t\t<\/div>\n\t\t","protected":false},"excerpt":{"rendered":"<p>G\u00e4stebuch Hau deinen Kommentar drunter! Impressum Datenschutz \u00a9 Streetshow-Brothers Germany. 2025<\/p>\n","protected":false},"author":1,"featured_media":0,"parent":0,"menu_order":0,"comment_status":"closed","ping_status":"closed","template":"","meta":{"footnotes":""},"class_list":{"0":"post-8268","1":"page","2":"type-page","3":"status-publish","4":"hentry","5":"entry","6":"clearfix","7":"entry-grid","8":"entry-columns-default","9":"entry-page-module-layout-standard","10":"no-post-thumbnail","11":"entry-page","13":"entry-page-grid"},"_links":{"self":[{"href":"https:\/\/streetshow-brothers.de\/index.php?rest_route=\/wp\/v2\/pages\/8268","targetHints":{"allow":["GET"]}}],"collection":[{"href":"https:\/\/streetshow-brothers.de\/index.php?rest_route=\/wp\/v2\/pages"}],"about":[{"href":"https:\/\/streetshow-brothers.de\/index.php?rest_route=\/wp\/v2\/types\/page"}],"author":[{"embeddable":true,"href":"https:\/\/streetshow-brothers.de\/index.php?rest_route=\/wp\/v2\/users\/1"}],"replies":[{"embeddable":true,"href":"https:\/\/streetshow-brothers.de\/index.php?rest_route=%2Fwp%2Fv2%2Fcomments&post=8268"}],"version-history":[{"count":10,"href":"https:\/\/streetshow-brothers.de\/index.php?rest_route=\/wp\/v2\/pages\/8268\/revisions"}],"predecessor-version":[{"id":8360,"href":"https:\/\/streetshow-brothers.de\/index.php?rest_route=\/wp\/v2\/pages\/8268\/revisions\/8360"}],"wp:attachment":[{"href":"https:\/\/streetshow-brothers.de\/index.php?rest_route=%2Fwp%2Fv2%2Fmedia&parent=8268"}],"curies":[{"name":"wp","href":"https:\/\/api.w.org\/{rel}","templated":true}]}}