{"id":8433,"date":"2025-11-09T10:54:53","date_gmt":"2025-11-09T10:54:53","guid":{"rendered":"https:\/\/streetshow-brothers.de\/?page_id=8433"},"modified":"2025-11-09T10:58:53","modified_gmt":"2025-11-09T10:58:53","slug":"datenschutz","status":"publish","type":"page","link":"https:\/\/streetshow-brothers.de\/?page_id=8433","title":{"rendered":"Datenschutz"},"content":{"rendered":"\t\t<div data-elementor-type=\"wp-page\" data-elementor-id=\"8433\" class=\"elementor elementor-8433\">\n\t\t\t\t<div data-scroll-custom-offset=\"\" data-scroll-custom-duration=\"\" data-scroll-css-progress=\"\" data-scroll-class=\"locoscroll-animate\" data-scroll-entrance-animation=\"\" data-scroll-offset=\"10%,10%\" data-scroll-onscroll-animation=\"\" class=\"wolf-core-elementor-row wolf-core-font- elementor-element elementor-element-61acf2e e-flex e-con-boxed e-con e-parent\" data-font-skin=\"\" data-color-tone=\"\" data-id=\"61acf2e\" data-element_type=\"container\" data-e-type=\"container\">\n\t\t\t\t\t<div class=\"e-con-inner\">\n\t\t\t\t<div class=\" elementor-element elementor-element-55e49d8 elementor-widget elementor-widget-text-editor\" data-id=\"55e49d8\" data-element_type=\"widget\" data-e-type=\"widget\" data-widget_type=\"text-editor.default\">\n\t\t\t\t\t\t\t\t\t<p data-start=\"205\" data-end=\"362\">Hey Streetshow-Fan! \ud83d\ude0e<br data-start=\"227\" data-end=\"230\" \/>Deine Daten sind bei uns sicher \u2013 versprochen. Hier erf\u00e4hrst du kurz und klar, was wir speichern, wof\u00fcr und welche Rechte du hast.<\/p><h4 data-start=\"364\" data-end=\"381\">Wer wir sind<\/h4><p data-start=\"382\" data-end=\"569\">Wir sind die <strong data-start=\"395\" data-end=\"418\">Streetshow-Brothers<\/strong> \u2013 die Jungs, die f\u00fcr Action, L\u00e4rm und Spa\u00df auf der Stra\u00dfe sorgen. Wenn du uns kontaktieren willst:<br data-start=\"517\" data-end=\"520\" \/><strong data-start=\"520\" data-end=\"567\">[E-Mail \/ Kurze Halbe 20, 31079 Sibbesse ]<\/strong><\/p><h4 data-start=\"571\" data-end=\"600\">Welche Daten wir sammeln<\/h4><p data-start=\"601\" data-end=\"676\">Keine Sorge, wir sind keine Daten-Ninjas. Wir sammeln nur, was n\u00f6tig ist:<\/p><ul data-start=\"677\" data-end=\"813\"><li data-start=\"677\" data-end=\"756\"><p data-start=\"679\" data-end=\"756\">Login-Daten, wenn du in den Member-Bereich willst (Benutzername &amp; Passwort)<\/p><\/li><li data-start=\"757\" data-end=\"813\"><p data-start=\"759\" data-end=\"813\">E-Mail, wenn du uns schreibst\u00a0<\/p><\/li><\/ul><h4 data-start=\"815\" data-end=\"848\">Wof\u00fcr wir deine Daten nutzen<\/h4><p data-start=\"849\" data-end=\"864\">Ganz einfach:<\/p><ul data-start=\"865\" data-end=\"1024\"><li data-start=\"865\" data-end=\"911\"><p data-start=\"867\" data-end=\"911\">Damit du in den gesch\u00fctzten Bereich kommst<\/p><\/li><li data-start=\"912\" data-end=\"951\"><p data-start=\"914\" data-end=\"951\">Um deine Nachrichten zu beantworten<\/p><\/li><\/ul><h4 data-start=\"1026\" data-end=\"1051\">Weitergabe an andere<\/h4><p data-start=\"1052\" data-end=\"1161\">Wir geben deine Daten <strong data-start=\"1074\" data-end=\"1095\">nicht einfach rum<\/strong>. Nur wenn\u2019s gesetzlich muss.\u00a0<\/p><h4 data-start=\"1163\" data-end=\"1186\">Cookies &amp; Tracking<\/h4><p data-start=\"1187\" data-end=\"1282\">Wir nutzen nur notwendige Cookies, damit alles l\u00e4uft. Kein Tracking, kein nerviges Werbezeug.<\/p><h4 data-start=\"1284\" data-end=\"1299\">Sicherheit<\/h4><p data-start=\"1300\" data-end=\"1378\">Wir passen auf deine Daten auf, als w\u00e4ren sie unsere eigenen Lederjacken. \ud83d\udd12<\/p><h4 data-start=\"1380\" data-end=\"1397\">Deine Rechte<\/h4><p data-start=\"1398\" data-end=\"1428\">Du hast jederzeit das Recht:<\/p><ul data-start=\"1429\" data-end=\"1583\"><li data-start=\"1429\" data-end=\"1466\"><p data-start=\"1431\" data-end=\"1466\">zu fragen, welche Daten wir haben<\/p><\/li><li data-start=\"1467\" data-end=\"1511\"><p data-start=\"1469\" data-end=\"1511\">Daten korrigieren oder l\u00f6schen zu lassen<\/p><\/li><li data-start=\"1512\" data-end=\"1545\"><p data-start=\"1514\" data-end=\"1545\">Einwilligungen zur\u00fcckzuziehen<\/p><\/li><li data-start=\"1546\" data-end=\"1583\"><p data-start=\"1548\" data-end=\"1583\">Daten mitzunehmen, wenn du willst<\/p><\/li><\/ul><h4 data-start=\"1585\" data-end=\"1597\">Kontakt<\/h4><p data-start=\"1598\" data-end=\"1663\">Fragen oder W\u00fcnsche? Schreib uns: <strong data-start=\"1632\" data-end=\"1661\">[E-Mail-Adresse einf\u00fcgen]<\/strong><\/p>\t\t\t\t\t\t\t\t<\/div>\n\t\t\t\t\t<\/div>\n\t\t\t\t<\/div>\n\t\t\t\t<\/div>\n\t\t","protected":false},"excerpt":{"rendered":"<p>Hey Streetshow-Fan! &#x1f60e;Deine Daten sind bei uns sicher \u2013 versprochen. Hier erf\u00e4hrst du kurz und klar, was wir speichern, wof\u00fcr und welche Rechte du hast. Wer wir sind Wir sind die Streetshow-Brothers \u2013 die Jungs, die f\u00fcr Action, L\u00e4rm und Spa\u00df auf der Stra\u00dfe sorgen. Wenn du uns kontaktieren willst:[E-Mail \/ Kurze Halbe 20, 31079&#8230;<\/p>\n<p><a rel=\"bookmark\" class=\"theme-button-primary wolf-core-button wolf-core-button-size-md\" href=\"https:\/\/streetshow-brothers.de\/?page_id=8433\"><span>Lesen<\/span><\/a><\/p>\n","protected":false},"author":1,"featured_media":0,"parent":0,"menu_order":0,"comment_status":"closed","ping_status":"closed","template":"","meta":{"footnotes":""},"class_list":{"0":"post-8433","1":"page","2":"type-page","3":"status-publish","4":"hentry","5":"entry","6":"clearfix","7":"entry-grid","8":"entry-columns-default","9":"entry-page-module-layout-standard","10":"no-post-thumbnail","11":"entry-page","13":"entry-page-grid"},"_links":{"self":[{"href":"https:\/\/streetshow-brothers.de\/index.php?rest_route=\/wp\/v2\/pages\/8433","targetHints":{"allow":["GET"]}}],"collection":[{"href":"https:\/\/streetshow-brothers.de\/index.php?rest_route=\/wp\/v2\/pages"}],"about":[{"href":"https:\/\/streetshow-brothers.de\/index.php?rest_route=\/wp\/v2\/types\/page"}],"author":[{"embeddable":true,"href":"https:\/\/streetshow-brothers.de\/index.php?rest_route=\/wp\/v2\/users\/1"}],"replies":[{"embeddable":true,"href":"https:\/\/streetshow-brothers.de\/index.php?rest_route=%2Fwp%2Fv2%2Fcomments&post=8433"}],"version-history":[{"count":4,"href":"https:\/\/streetshow-brothers.de\/index.php?rest_route=\/wp\/v2\/pages\/8433\/revisions"}],"predecessor-version":[{"id":8437,"href":"https:\/\/streetshow-brothers.de\/index.php?rest_route=\/wp\/v2\/pages\/8433\/revisions\/8437"}],"wp:attachment":[{"href":"https:\/\/streetshow-brothers.de\/index.php?rest_route=%2Fwp%2Fv2%2Fmedia&parent=8433"}],"curies":[{"name":"wp","href":"https:\/\/api.w.org\/{rel}","templated":true}]}}